{"id":1606,"date":"2024-09-19T18:47:29","date_gmt":"2024-09-19T16:47:29","guid":{"rendered":"https:\/\/armandou.fr\/?post_type=product&#038;p=1606"},"modified":"2025-03-29T09:28:55","modified_gmt":"2025-03-29T08:28:55","slug":"engrenage","status":"publish","type":"product","link":"https:\/\/armandou.fr\/index.php\/produit\/engrenage\/","title":{"rendered":"Engrenage"},"content":{"rendered":"<p>Banquette pour appareil double face<\/p>\n<p>Mod\u00e8le pr\u00e9sent\u00e9 :<\/p>\n<p>Largeur 140cm en Ch\u00eane, Hauteur 35cm, Profondeur 60 cm<\/p>\n<p>Support en acier crant\u00e9<div class=\"wpforms-container \" id=\"wpforms-1278\"><form id=\"wpforms-form-1278\" class=\"wpforms-validate wpforms-form wpforms-ajax-form\" data-formid=\"1278\" method=\"post\" enctype=\"multipart\/form-data\" action=\"\/index.php\/wp-json\/wp\/v2\/product\/1606\" data-token=\"83fb8fa223a2abbc756bc20e66ce6cdf\" data-token-time=\"1775398359\"><noscript class=\"wpforms-error-noscript\">Veuillez activer JavaScript dans votre navigateur pour remplir ce formulaire.<\/noscript><div class=\"wpforms-field-container\"><div id=\"wpforms-1278-field_0-container\" class=\"wpforms-field wpforms-field-name\" data-field-id=\"0\"><label class=\"wpforms-field-label\">Nom <span class=\"wpforms-required-label\">*<\/span><\/label><div class=\"wpforms-field-row wpforms-field-medium\"><div class=\"wpforms-field-row-block wpforms-first wpforms-one-half\"><input type=\"text\" id=\"wpforms-1278-field_0\" class=\"wpforms-field-name-first wpforms-field-required\" name=\"wpforms[fields][0][first]\" required><label for=\"wpforms-1278-field_0\" class=\"wpforms-field-sublabel after\">Pr\u00e9nom<\/label><\/div><div class=\"wpforms-field-row-block wpforms-one-half\"><input type=\"text\" id=\"wpforms-1278-field_0-last\" class=\"wpforms-field-name-last wpforms-field-required\" name=\"wpforms[fields][0][last]\" required><label for=\"wpforms-1278-field_0-last\" class=\"wpforms-field-sublabel after\">Nom<\/label><\/div><\/div><\/div><div id=\"wpforms-1278-field_1-container\" class=\"wpforms-field wpforms-field-email\" data-field-id=\"1\"><label class=\"wpforms-field-label\" for=\"wpforms-1278-field_1\">E-mail <span class=\"wpforms-required-label\">*<\/span><\/label><input type=\"email\" id=\"wpforms-1278-field_1\" class=\"wpforms-field-medium wpforms-field-required\" name=\"wpforms[fields][1]\" spellcheck=\"false\" required><\/div><div id=\"wpforms-1278-field_2-container\" class=\"wpforms-field wpforms-field-textarea\" data-field-id=\"2\"><label class=\"wpforms-field-label\" for=\"wpforms-1278-field_2\">Commentaire ou message<\/label><textarea id=\"wpforms-1278-field_2\" class=\"wpforms-field-medium\" name=\"wpforms[fields][2]\" ><\/textarea><\/div><\/div><!-- .wpforms-field-container --><div class=\"wpforms-submit-container\" ><input type=\"hidden\" name=\"wpforms[id]\" value=\"1278\"><input type=\"hidden\" name=\"page_title\" value=\"\"><input type=\"hidden\" name=\"page_url\" value=\"https:\/\/armandou.fr\/index.php\/wp-json\/wp\/v2\/product\/1606\"><input type=\"hidden\" name=\"url_referer\" value=\"\"><button type=\"submit\" name=\"wpforms[submit]\" id=\"wpforms-submit-1278\" class=\"wpforms-submit\" data-alt-text=\"Envoi...\" data-submit-text=\"Envoyer\" aria-live=\"assertive\" value=\"wpforms-submit\">Envoyer<\/button><img loading=\"lazy\" decoding=\"async\" src=\"https:\/\/armandou.fr\/wp-content\/plugins\/wpforms-lite\/assets\/images\/submit-spin.svg\" class=\"wpforms-submit-spinner\" style=\"display: none;\" width=\"26\" height=\"26\" alt=\"Chargement en cours\"><\/div><\/form><\/div>  <!-- .wpforms-container --><\/p>\n","protected":false},"excerpt":{"rendered":"<p>Pr\u00e9cisez vos dimensions en commentaire pour le retour de l&rsquo;accus\u00e9 de r\u00e9ception de commande<\/p>\n<p>Plateau Ch\u00eane du pays<br \/>\n\u00e9paisseur 45mm<br \/>\nPi\u00e8tement en Pierre Grise (possibilit\u00e9 de choisir autre mod\u00e8le de pierre)<br \/>\nPlateau support appareil en pierre<br \/>\nDim sur-mesure<\/p>\n","protected":false},"featured_media":1925,"comment_status":"open","ping_status":"closed","template":"","meta":{"_uag_custom_page_level_css":"","site-sidebar-layout":"default","site-content-layout":"","ast-site-content-layout":"default","site-content-style":"default","site-sidebar-style":"default","ast-global-header-display":"","ast-banner-title-visibility":"","ast-main-header-display":"","ast-hfb-above-header-display":"","ast-hfb-below-header-display":"","ast-hfb-mobile-header-display":"","site-post-title":"","ast-breadcrumbs-content":"","ast-featured-img":"","footer-sml-layout":"","theme-transparent-header-meta":"default","adv-header-id-meta":"","stick-header-meta":"","header-above-stick-meta":"","header-main-stick-meta":"","header-below-stick-meta":"","astra-migrate-meta-layouts":"set","ast-page-background-enabled":"default","ast-page-background-meta":{"desktop":{"background-color":"","background-image":"","background-repeat":"repeat","background-position":"center center","background-size":"auto","background-attachment":"scroll","background-type":"","background-media":"","overlay-type":"","overlay-color":"","overlay-opacity":"","overlay-gradient":""},"tablet":{"background-color":"","background-image":"","background-repeat":"repeat","background-position":"center center","background-size":"auto","background-attachment":"scroll","background-type":"","background-media":"","overlay-type":"","overlay-color":"","overlay-opacity":"","overlay-gradient":""},"mobile":{"background-color":"","background-image":"","background-repeat":"repeat","background-position":"center center","background-size":"auto","background-attachment":"scroll","background-type":"","background-media":"","overlay-type":"","overlay-color":"","overlay-opacity":"","overlay-gradient":""}},"ast-content-background-meta":{"desktop":{"background-color":"var(--ast-global-color-5)","background-image":"","background-repeat":"repeat","background-position":"center center","background-size":"auto","background-attachment":"scroll","background-type":"","background-media":"","overlay-type":"","overlay-color":"","overlay-opacity":"","overlay-gradient":""},"tablet":{"background-color":"var(--ast-global-color-5)","background-image":"","background-repeat":"repeat","background-position":"center center","background-size":"auto","background-attachment":"scroll","background-type":"","background-media":"","overlay-type":"","overlay-color":"","overlay-opacity":"","overlay-gradient":""},"mobile":{"background-color":"var(--ast-global-color-5)","background-image":"","background-repeat":"repeat","background-position":"center center","background-size":"auto","background-attachment":"scroll","background-type":"","background-media":"","overlay-type":"","overlay-color":"","overlay-opacity":"","overlay-gradient":""}}},"product_brand":[],"product_cat":[26],"product_tag":[],"class_list":{"0":"post-1606","1":"product","2":"type-product","3":"status-publish","4":"has-post-thumbnail","6":"product_cat-support","7":"desktop-align-left","8":"tablet-align-left","9":"mobile-align-left","11":"first","12":"instock","13":"taxable","14":"shipping-taxable","15":"purchasable","16":"product-type-variable"},"yoast_head":"<!-- This site is optimized with the Yoast SEO plugin v26.8 - https:\/\/yoast.com\/product\/yoast-seo-wordpress\/ -->\n<title>Engrenage - Armandou.Fr<\/title>\n<meta name=\"robots\" content=\"index, follow, max-snippet:-1, max-image-preview:large, max-video-preview:-1\" \/>\n<link rel=\"canonical\" href=\"https:\/\/armandou.fr\/index.php\/produit\/engrenage\/\" \/>\n<meta property=\"og:locale\" content=\"fr_FR\" \/>\n<meta property=\"og:type\" content=\"article\" \/>\n<meta property=\"og:title\" content=\"Engrenage - Armandou.Fr\" \/>\n<meta property=\"og:description\" content=\"Pr\u00e9cisez vos dimensions en commentaire pour le retour de l&#039;accus\u00e9 de r\u00e9ception de commande  Plateau Ch\u00eane du pays \u00e9paisseur 45mm Pi\u00e8tement en Pierre Grise (possibilit\u00e9 de choisir autre mod\u00e8le de pierre) Plateau support appareil en pierre Dim sur-mesure\" \/>\n<meta property=\"og:url\" content=\"https:\/\/armandou.fr\/index.php\/produit\/engrenage\/\" \/>\n<meta property=\"og:site_name\" content=\"Armandou.Fr\" \/>\n<meta property=\"article:modified_time\" content=\"2025-03-29T08:28:55+00:00\" \/>\n<meta property=\"og:image\" content=\"https:\/\/armandou.fr\/wp-content\/uploads\/2024\/09\/20250329-9354594-Expo-Banquette-capture-hd1.jpg\" \/>\n\t<meta property=\"og:image:width\" content=\"917\" \/>\n\t<meta property=\"og:image:height\" content=\"731\" \/>\n\t<meta property=\"og:image:type\" content=\"image\/jpeg\" \/>\n<meta name=\"twitter:card\" content=\"summary_large_image\" \/>\n<script type=\"application\/ld+json\" class=\"yoast-schema-graph\">{\"@context\":\"https:\/\/schema.org\",\"@graph\":[{\"@type\":\"WebPage\",\"@id\":\"https:\/\/armandou.fr\/index.php\/produit\/engrenage\/\",\"url\":\"https:\/\/armandou.fr\/index.php\/produit\/engrenage\/\",\"name\":\"Engrenage - Armandou.Fr\",\"isPartOf\":{\"@id\":\"https:\/\/armandou.fr\/#website\"},\"primaryImageOfPage\":{\"@id\":\"https:\/\/armandou.fr\/index.php\/produit\/engrenage\/#primaryimage\"},\"image\":{\"@id\":\"https:\/\/armandou.fr\/index.php\/produit\/engrenage\/#primaryimage\"},\"thumbnailUrl\":\"https:\/\/armandou.fr\/wp-content\/uploads\/2024\/09\/20250329-9354594-Expo-Banquette-capture-hd1.jpg\",\"datePublished\":\"2024-09-19T16:47:29+00:00\",\"dateModified\":\"2025-03-29T08:28:55+00:00\",\"breadcrumb\":{\"@id\":\"https:\/\/armandou.fr\/index.php\/produit\/engrenage\/#breadcrumb\"},\"inLanguage\":\"fr-FR\",\"potentialAction\":[{\"@type\":\"ReadAction\",\"target\":[\"https:\/\/armandou.fr\/index.php\/produit\/engrenage\/\"]}]},{\"@type\":\"ImageObject\",\"inLanguage\":\"fr-FR\",\"@id\":\"https:\/\/armandou.fr\/index.php\/produit\/engrenage\/#primaryimage\",\"url\":\"https:\/\/armandou.fr\/wp-content\/uploads\/2024\/09\/20250329-9354594-Expo-Banquette-capture-hd1.jpg\",\"contentUrl\":\"https:\/\/armandou.fr\/wp-content\/uploads\/2024\/09\/20250329-9354594-Expo-Banquette-capture-hd1.jpg\",\"width\":917,\"height\":731,\"caption\":\"Mod\u00e8le Engrenage \u00e0 partir de 1990\u20ac TTC (banquette seule) Banquette pour appareil double face Mod\u00e8le pr\u00e9sent\u00e9 : Largeur 140cm en Ch\u00eane, Hauteur 35cm, Profondeur 60 cm\"},{\"@type\":\"BreadcrumbList\",\"@id\":\"https:\/\/armandou.fr\/index.php\/produit\/engrenage\/#breadcrumb\",\"itemListElement\":[{\"@type\":\"ListItem\",\"position\":1,\"name\":\"Accueil\",\"item\":\"https:\/\/armandou.fr\/\"},{\"@type\":\"ListItem\",\"position\":2,\"name\":\"Boutique\",\"item\":\"https:\/\/armandou.fr\/index.php\/boutique\/\"},{\"@type\":\"ListItem\",\"position\":3,\"name\":\"Engrenage\"}]},{\"@type\":\"WebSite\",\"@id\":\"https:\/\/armandou.fr\/#website\",\"url\":\"https:\/\/armandou.fr\/\",\"name\":\"Armandou.Fr\",\"description\":\"Feu et Bois\",\"publisher\":{\"@id\":\"https:\/\/armandou.fr\/#organization\"},\"potentialAction\":[{\"@type\":\"SearchAction\",\"target\":{\"@type\":\"EntryPoint\",\"urlTemplate\":\"https:\/\/armandou.fr\/?s={search_term_string}\"},\"query-input\":{\"@type\":\"PropertyValueSpecification\",\"valueRequired\":true,\"valueName\":\"search_term_string\"}}],\"inLanguage\":\"fr-FR\"},{\"@type\":\"Organization\",\"@id\":\"https:\/\/armandou.fr\/#organization\",\"name\":\"Armandou.Fr\",\"url\":\"https:\/\/armandou.fr\/\",\"logo\":{\"@type\":\"ImageObject\",\"inLanguage\":\"fr-FR\",\"@id\":\"https:\/\/armandou.fr\/#\/schema\/logo\/image\/\",\"url\":\"https:\/\/armandou.fr\/wp-content\/uploads\/2023\/12\/cropped-Logo-scaled-1.jpg\",\"contentUrl\":\"https:\/\/armandou.fr\/wp-content\/uploads\/2023\/12\/cropped-Logo-scaled-1.jpg\",\"width\":1807,\"height\":1431,\"caption\":\"Armandou.Fr\"},\"image\":{\"@id\":\"https:\/\/armandou.fr\/#\/schema\/logo\/image\/\"}}]}<\/script>\n<!-- \/ Yoast SEO plugin. -->","yoast_head_json":{"title":"Engrenage - Armandou.Fr","robots":{"index":"index","follow":"follow","max-snippet":"max-snippet:-1","max-image-preview":"max-image-preview:large","max-video-preview":"max-video-preview:-1"},"canonical":"https:\/\/armandou.fr\/index.php\/produit\/engrenage\/","og_locale":"fr_FR","og_type":"article","og_title":"Engrenage - Armandou.Fr","og_description":"Pr\u00e9cisez vos dimensions en commentaire pour le retour de l'accus\u00e9 de r\u00e9ception de commande  Plateau Ch\u00eane du pays \u00e9paisseur 45mm Pi\u00e8tement en Pierre Grise (possibilit\u00e9 de choisir autre mod\u00e8le de pierre) Plateau support appareil en pierre Dim sur-mesure","og_url":"https:\/\/armandou.fr\/index.php\/produit\/engrenage\/","og_site_name":"Armandou.Fr","article_modified_time":"2025-03-29T08:28:55+00:00","og_image":[{"width":917,"height":731,"url":"https:\/\/armandou.fr\/wp-content\/uploads\/2024\/09\/20250329-9354594-Expo-Banquette-capture-hd1.jpg","type":"image\/jpeg"}],"twitter_card":"summary_large_image","schema":{"@context":"https:\/\/schema.org","@graph":[{"@type":"WebPage","@id":"https:\/\/armandou.fr\/index.php\/produit\/engrenage\/","url":"https:\/\/armandou.fr\/index.php\/produit\/engrenage\/","name":"Engrenage - Armandou.Fr","isPartOf":{"@id":"https:\/\/armandou.fr\/#website"},"primaryImageOfPage":{"@id":"https:\/\/armandou.fr\/index.php\/produit\/engrenage\/#primaryimage"},"image":{"@id":"https:\/\/armandou.fr\/index.php\/produit\/engrenage\/#primaryimage"},"thumbnailUrl":"https:\/\/armandou.fr\/wp-content\/uploads\/2024\/09\/20250329-9354594-Expo-Banquette-capture-hd1.jpg","datePublished":"2024-09-19T16:47:29+00:00","dateModified":"2025-03-29T08:28:55+00:00","breadcrumb":{"@id":"https:\/\/armandou.fr\/index.php\/produit\/engrenage\/#breadcrumb"},"inLanguage":"fr-FR","potentialAction":[{"@type":"ReadAction","target":["https:\/\/armandou.fr\/index.php\/produit\/engrenage\/"]}]},{"@type":"ImageObject","inLanguage":"fr-FR","@id":"https:\/\/armandou.fr\/index.php\/produit\/engrenage\/#primaryimage","url":"https:\/\/armandou.fr\/wp-content\/uploads\/2024\/09\/20250329-9354594-Expo-Banquette-capture-hd1.jpg","contentUrl":"https:\/\/armandou.fr\/wp-content\/uploads\/2024\/09\/20250329-9354594-Expo-Banquette-capture-hd1.jpg","width":917,"height":731,"caption":"Mod\u00e8le Engrenage \u00e0 partir de 1990\u20ac TTC (banquette seule) Banquette pour appareil double face Mod\u00e8le pr\u00e9sent\u00e9 : Largeur 140cm en Ch\u00eane, Hauteur 35cm, Profondeur 60 cm"},{"@type":"BreadcrumbList","@id":"https:\/\/armandou.fr\/index.php\/produit\/engrenage\/#breadcrumb","itemListElement":[{"@type":"ListItem","position":1,"name":"Accueil","item":"https:\/\/armandou.fr\/"},{"@type":"ListItem","position":2,"name":"Boutique","item":"https:\/\/armandou.fr\/index.php\/boutique\/"},{"@type":"ListItem","position":3,"name":"Engrenage"}]},{"@type":"WebSite","@id":"https:\/\/armandou.fr\/#website","url":"https:\/\/armandou.fr\/","name":"Armandou.Fr","description":"Feu et Bois","publisher":{"@id":"https:\/\/armandou.fr\/#organization"},"potentialAction":[{"@type":"SearchAction","target":{"@type":"EntryPoint","urlTemplate":"https:\/\/armandou.fr\/?s={search_term_string}"},"query-input":{"@type":"PropertyValueSpecification","valueRequired":true,"valueName":"search_term_string"}}],"inLanguage":"fr-FR"},{"@type":"Organization","@id":"https:\/\/armandou.fr\/#organization","name":"Armandou.Fr","url":"https:\/\/armandou.fr\/","logo":{"@type":"ImageObject","inLanguage":"fr-FR","@id":"https:\/\/armandou.fr\/#\/schema\/logo\/image\/","url":"https:\/\/armandou.fr\/wp-content\/uploads\/2023\/12\/cropped-Logo-scaled-1.jpg","contentUrl":"https:\/\/armandou.fr\/wp-content\/uploads\/2023\/12\/cropped-Logo-scaled-1.jpg","width":1807,"height":1431,"caption":"Armandou.Fr"},"image":{"@id":"https:\/\/armandou.fr\/#\/schema\/logo\/image\/"}}]}},"uagb_featured_image_src":{"full":["https:\/\/armandou.fr\/wp-content\/uploads\/2024\/09\/20250329-9354594-Expo-Banquette-capture-hd1.jpg",917,731,false],"thumbnail":["https:\/\/armandou.fr\/wp-content\/uploads\/2024\/09\/20250329-9354594-Expo-Banquette-capture-hd1-150x150.jpg",150,150,true],"medium":["https:\/\/armandou.fr\/wp-content\/uploads\/2024\/09\/20250329-9354594-Expo-Banquette-capture-hd1-300x239.jpg",300,239,true],"medium_large":["https:\/\/armandou.fr\/wp-content\/uploads\/2024\/09\/20250329-9354594-Expo-Banquette-capture-hd1-768x612.jpg",768,612,true],"large":["https:\/\/armandou.fr\/wp-content\/uploads\/2024\/09\/20250329-9354594-Expo-Banquette-capture-hd1.jpg",917,731,false],"1536x1536":["https:\/\/armandou.fr\/wp-content\/uploads\/2024\/09\/20250329-9354594-Expo-Banquette-capture-hd1.jpg",917,731,false],"2048x2048":["https:\/\/armandou.fr\/wp-content\/uploads\/2024\/09\/20250329-9354594-Expo-Banquette-capture-hd1.jpg",917,731,false],"woocommerce_thumbnail":["https:\/\/armandou.fr\/wp-content\/uploads\/2024\/09\/20250329-9354594-Expo-Banquette-capture-hd1-300x300.jpg",300,300,true],"woocommerce_single":["https:\/\/armandou.fr\/wp-content\/uploads\/2024\/09\/20250329-9354594-Expo-Banquette-capture-hd1-600x478.jpg",600,478,true],"woocommerce_gallery_thumbnail":["https:\/\/armandou.fr\/wp-content\/uploads\/2024\/09\/20250329-9354594-Expo-Banquette-capture-hd1-100x100.jpg",100,100,true]},"uagb_author_info":{"display_name":"admin1223","author_link":"https:\/\/armandou.fr\/index.php\/author\/"},"uagb_comment_info":0,"uagb_excerpt":"Pr\u00e9cisez vos dimensions en commentaire pour le retour de l'accus\u00e9 de r\u00e9ception de commande Plateau Ch\u00eane du pays \u00e9paisseur 45mm Pi\u00e8tement en Pierre Grise (possibilit\u00e9 de choisir autre mod\u00e8le de pierre) Plateau support appareil en pierre Dim sur-mesure","_links":{"self":[{"href":"https:\/\/armandou.fr\/index.php\/wp-json\/wp\/v2\/product\/1606","targetHints":{"allow":["GET"]}}],"collection":[{"href":"https:\/\/armandou.fr\/index.php\/wp-json\/wp\/v2\/product"}],"about":[{"href":"https:\/\/armandou.fr\/index.php\/wp-json\/wp\/v2\/types\/product"}],"replies":[{"embeddable":true,"href":"https:\/\/armandou.fr\/index.php\/wp-json\/wp\/v2\/comments?post=1606"}],"wp:featuredmedia":[{"embeddable":true,"href":"https:\/\/armandou.fr\/index.php\/wp-json\/wp\/v2\/media\/1925"}],"wp:attachment":[{"href":"https:\/\/armandou.fr\/index.php\/wp-json\/wp\/v2\/media?parent=1606"}],"wp:term":[{"taxonomy":"product_brand","embeddable":true,"href":"https:\/\/armandou.fr\/index.php\/wp-json\/wp\/v2\/product_brand?post=1606"},{"taxonomy":"product_cat","embeddable":true,"href":"https:\/\/armandou.fr\/index.php\/wp-json\/wp\/v2\/product_cat?post=1606"},{"taxonomy":"product_tag","embeddable":true,"href":"https:\/\/armandou.fr\/index.php\/wp-json\/wp\/v2\/product_tag?post=1606"}],"curies":[{"name":"wp","href":"https:\/\/api.w.org\/{rel}","templated":true}]}}