{"id":1524,"date":"2024-09-16T18:40:02","date_gmt":"2024-09-16T16:40:02","guid":{"rendered":"https:\/\/armandou.fr\/?post_type=product&#038;p=1524"},"modified":"2025-02-27T19:47:17","modified_gmt":"2025-02-27T18:47:17","slug":"etageres-et-plateaux-sur-mesure","status":"publish","type":"product","link":"https:\/\/armandou.fr\/index.php\/produit\/etageres-et-plateaux-sur-mesure\/","title":{"rendered":"Etag\u00e8res et Plateaux sur mesure en ch\u00eane massif"},"content":{"rendered":"<p>Ch\u00eane massif brut, d\u00e9gauchi, rabot\u00e9 et ponc\u00e9.<\/p>\n<p>Collage bouvet\u00e9 par peigne au del\u00e0 de 15cm.<\/p>\n<p>\u00c9tag\u00e8res sur mesure<\/p>\n<p>Plateaux de tables sur mesures<\/p>\n<p>Marches d&rsquo;escalier sur mesure<\/p>\n<p>Biblioth\u00e8ques sur mesure<\/p>\n<p>Le bois est issu des for\u00eats fran\u00e7aises, certifi\u00e9.<div class=\"wpforms-container \" id=\"wpforms-1278\"><form id=\"wpforms-form-1278\" class=\"wpforms-validate wpforms-form wpforms-ajax-form\" data-formid=\"1278\" method=\"post\" enctype=\"multipart\/form-data\" action=\"\/index.php\/wp-json\/wp\/v2\/product\/1524\" data-token=\"523db8121fe2ba8ff8c44aff0c12ae2e\" data-token-time=\"1775917814\"><noscript class=\"wpforms-error-noscript\">Veuillez activer JavaScript dans votre navigateur pour remplir ce formulaire.<\/noscript><div class=\"wpforms-field-container\"><div id=\"wpforms-1278-field_0-container\" class=\"wpforms-field wpforms-field-name\" data-field-id=\"0\"><label class=\"wpforms-field-label\">Nom <span class=\"wpforms-required-label\">*<\/span><\/label><div class=\"wpforms-field-row wpforms-field-medium\"><div class=\"wpforms-field-row-block wpforms-first wpforms-one-half\"><input type=\"text\" id=\"wpforms-1278-field_0\" class=\"wpforms-field-name-first wpforms-field-required\" name=\"wpforms[fields][0][first]\" required><label for=\"wpforms-1278-field_0\" class=\"wpforms-field-sublabel after\">Pr\u00e9nom<\/label><\/div><div class=\"wpforms-field-row-block wpforms-one-half\"><input type=\"text\" id=\"wpforms-1278-field_0-last\" class=\"wpforms-field-name-last wpforms-field-required\" name=\"wpforms[fields][0][last]\" required><label for=\"wpforms-1278-field_0-last\" class=\"wpforms-field-sublabel after\">Nom<\/label><\/div><\/div><\/div><div id=\"wpforms-1278-field_1-container\" class=\"wpforms-field wpforms-field-email\" data-field-id=\"1\"><label class=\"wpforms-field-label\" for=\"wpforms-1278-field_1\">E-mail <span class=\"wpforms-required-label\">*<\/span><\/label><input type=\"email\" id=\"wpforms-1278-field_1\" class=\"wpforms-field-medium wpforms-field-required\" name=\"wpforms[fields][1]\" spellcheck=\"false\" required><\/div><div id=\"wpforms-1278-field_2-container\" class=\"wpforms-field wpforms-field-textarea\" data-field-id=\"2\"><label class=\"wpforms-field-label\" for=\"wpforms-1278-field_2\">Commentaire ou message<\/label><textarea id=\"wpforms-1278-field_2\" class=\"wpforms-field-medium\" name=\"wpforms[fields][2]\" ><\/textarea><\/div><\/div><!-- .wpforms-field-container --><div class=\"wpforms-submit-container\" ><input type=\"hidden\" name=\"wpforms[id]\" value=\"1278\"><input type=\"hidden\" name=\"page_title\" value=\"\"><input type=\"hidden\" name=\"page_url\" value=\"https:\/\/armandou.fr\/index.php\/wp-json\/wp\/v2\/product\/1524\"><input type=\"hidden\" name=\"url_referer\" value=\"\"><button type=\"submit\" name=\"wpforms[submit]\" id=\"wpforms-submit-1278\" class=\"wpforms-submit\" data-alt-text=\"Envoi...\" data-submit-text=\"Envoyer\" aria-live=\"assertive\" value=\"wpforms-submit\">Envoyer<\/button><img loading=\"lazy\" decoding=\"async\" src=\"https:\/\/armandou.fr\/wp-content\/plugins\/wpforms-lite\/assets\/images\/submit-spin.svg\" class=\"wpforms-submit-spinner\" style=\"display: none;\" width=\"26\" height=\"26\" alt=\"Chargement en cours\"><\/div><\/form><\/div>  <!-- .wpforms-container --><\/p>\n","protected":false},"excerpt":{"rendered":"<p>Le fil du bois est dans le sens de la longueur,<\/p>\n<p>Nos prix sont calcul\u00e9s en fonction du cubage du bois, en tenant compte du collage, s\u00e9chage, ainsi que du co\u00fbt de l&rsquo;\u00e9nergie.<\/p>\n<p>Un plateau de 70mm, repr\u00e9sente le double de bois qu&rsquo;un plateau de 35mm (\u00e9vident !)<\/p>\n<p>Option possible par raidisseur<\/p>\n<p>Fabriqu\u00e9 en France<\/p>\n","protected":false},"featured_media":1130,"comment_status":"open","ping_status":"closed","template":"","meta":{"_uag_custom_page_level_css":"","site-sidebar-layout":"default","site-content-layout":"","ast-site-content-layout":"default","site-content-style":"default","site-sidebar-style":"default","ast-global-header-display":"","ast-banner-title-visibility":"","ast-main-header-display":"","ast-hfb-above-header-display":"","ast-hfb-below-header-display":"","ast-hfb-mobile-header-display":"","site-post-title":"","ast-breadcrumbs-content":"","ast-featured-img":"","footer-sml-layout":"","theme-transparent-header-meta":"default","adv-header-id-meta":"","stick-header-meta":"","header-above-stick-meta":"","header-main-stick-meta":"","header-below-stick-meta":"","astra-migrate-meta-layouts":"set","ast-page-background-enabled":"default","ast-page-background-meta":{"desktop":{"background-color":"","background-image":"","background-repeat":"repeat","background-position":"center center","background-size":"auto","background-attachment":"scroll","background-type":"","background-media":"","overlay-type":"","overlay-color":"","overlay-opacity":"","overlay-gradient":""},"tablet":{"background-color":"","background-image":"","background-repeat":"repeat","background-position":"center center","background-size":"auto","background-attachment":"scroll","background-type":"","background-media":"","overlay-type":"","overlay-color":"","overlay-opacity":"","overlay-gradient":""},"mobile":{"background-color":"","background-image":"","background-repeat":"repeat","background-position":"center center","background-size":"auto","background-attachment":"scroll","background-type":"","background-media":"","overlay-type":"","overlay-color":"","overlay-opacity":"","overlay-gradient":""}},"ast-content-background-meta":{"desktop":{"background-color":"var(--ast-global-color-5)","background-image":"","background-repeat":"repeat","background-position":"center center","background-size":"auto","background-attachment":"scroll","background-type":"","background-media":"","overlay-type":"","overlay-color":"","overlay-opacity":"","overlay-gradient":""},"tablet":{"background-color":"var(--ast-global-color-5)","background-image":"","background-repeat":"repeat","background-position":"center center","background-size":"auto","background-attachment":"scroll","background-type":"","background-media":"","overlay-type":"","overlay-color":"","overlay-opacity":"","overlay-gradient":""},"mobile":{"background-color":"var(--ast-global-color-5)","background-image":"","background-repeat":"repeat","background-position":"center center","background-size":"auto","background-attachment":"scroll","background-type":"","background-media":"","overlay-type":"","overlay-color":"","overlay-opacity":"","overlay-gradient":""}}},"product_brand":[],"product_cat":[28],"product_tag":[],"class_list":{"0":"post-1524","1":"product","2":"type-product","3":"status-publish","4":"has-post-thumbnail","6":"product_cat-etageres-en-bois-massif-sur-mesure","7":"desktop-align-left","8":"tablet-align-left","9":"mobile-align-left","11":"first","12":"instock","13":"taxable","14":"shipping-taxable","15":"purchasable","16":"product-type-variable"},"yoast_head":"<!-- This site is optimized with the Yoast SEO plugin v27.3 - https:\/\/yoast.com\/product\/yoast-seo-wordpress\/ -->\n<title>Etag\u00e8res et Plateaux sur mesure en ch\u00eane massif - Armandou.Fr<\/title>\n<meta name=\"robots\" content=\"index, follow, max-snippet:-1, max-image-preview:large, max-video-preview:-1\" \/>\n<link rel=\"canonical\" href=\"https:\/\/armandou.fr\/index.php\/produit\/etageres-et-plateaux-sur-mesure\/\" \/>\n<meta property=\"og:locale\" content=\"fr_FR\" \/>\n<meta property=\"og:type\" content=\"article\" \/>\n<meta property=\"og:title\" content=\"Etag\u00e8res et Plateaux sur mesure en ch\u00eane massif - Armandou.Fr\" \/>\n<meta property=\"og:description\" content=\"Le fil du bois est dans le sens de la longueur,  Nos prix sont calcul\u00e9s en fonction du cubage du bois, en tenant compte du collage, s\u00e9chage, ainsi que du co\u00fbt de l&#039;\u00e9nergie.  Un plateau de 70mm, repr\u00e9sente le double de bois qu&#039;un plateau de 35mm (\u00e9vident !)  Option possible par raidisseur  Fabriqu\u00e9 en France\" \/>\n<meta property=\"og:url\" content=\"https:\/\/armandou.fr\/index.php\/produit\/etageres-et-plateaux-sur-mesure\/\" \/>\n<meta property=\"og:site_name\" content=\"Armandou.Fr\" \/>\n<meta property=\"article:modified_time\" content=\"2025-02-27T18:47:17+00:00\" \/>\n<meta property=\"og:image\" content=\"http:\/\/armandou.fr\/wp-content\/uploads\/2023\/11\/IMG_6795-scaled-e1726505700624.jpeg\" \/>\n\t<meta property=\"og:image:width\" content=\"1749\" \/>\n\t<meta property=\"og:image:height\" content=\"1484\" \/>\n\t<meta property=\"og:image:type\" content=\"image\/jpeg\" \/>\n<meta name=\"twitter:card\" content=\"summary_large_image\" \/>\n<script type=\"application\/ld+json\" class=\"yoast-schema-graph\">{\"@context\":\"https:\\\/\\\/schema.org\",\"@graph\":[{\"@type\":\"WebPage\",\"@id\":\"https:\\\/\\\/armandou.fr\\\/index.php\\\/produit\\\/etageres-et-plateaux-sur-mesure\\\/\",\"url\":\"https:\\\/\\\/armandou.fr\\\/index.php\\\/produit\\\/etageres-et-plateaux-sur-mesure\\\/\",\"name\":\"Etag\u00e8res et Plateaux sur mesure en ch\u00eane massif - Armandou.Fr\",\"isPartOf\":{\"@id\":\"https:\\\/\\\/armandou.fr\\\/#website\"},\"primaryImageOfPage\":{\"@id\":\"https:\\\/\\\/armandou.fr\\\/index.php\\\/produit\\\/etageres-et-plateaux-sur-mesure\\\/#primaryimage\"},\"image\":{\"@id\":\"https:\\\/\\\/armandou.fr\\\/index.php\\\/produit\\\/etageres-et-plateaux-sur-mesure\\\/#primaryimage\"},\"thumbnailUrl\":\"https:\\\/\\\/armandou.fr\\\/wp-content\\\/uploads\\\/2023\\\/11\\\/IMG_6795-scaled-e1726505700624.jpeg\",\"datePublished\":\"2024-09-16T16:40:02+00:00\",\"dateModified\":\"2025-02-27T18:47:17+00:00\",\"breadcrumb\":{\"@id\":\"https:\\\/\\\/armandou.fr\\\/index.php\\\/produit\\\/etageres-et-plateaux-sur-mesure\\\/#breadcrumb\"},\"inLanguage\":\"fr-FR\",\"potentialAction\":[{\"@type\":\"ReadAction\",\"target\":[\"https:\\\/\\\/armandou.fr\\\/index.php\\\/produit\\\/etageres-et-plateaux-sur-mesure\\\/\"]}]},{\"@type\":\"ImageObject\",\"inLanguage\":\"fr-FR\",\"@id\":\"https:\\\/\\\/armandou.fr\\\/index.php\\\/produit\\\/etageres-et-plateaux-sur-mesure\\\/#primaryimage\",\"url\":\"https:\\\/\\\/armandou.fr\\\/wp-content\\\/uploads\\\/2023\\\/11\\\/IMG_6795-scaled-e1726505700624.jpeg\",\"contentUrl\":\"https:\\\/\\\/armandou.fr\\\/wp-content\\\/uploads\\\/2023\\\/11\\\/IMG_6795-scaled-e1726505700624.jpeg\",\"width\":1749,\"height\":1484},{\"@type\":\"BreadcrumbList\",\"@id\":\"https:\\\/\\\/armandou.fr\\\/index.php\\\/produit\\\/etageres-et-plateaux-sur-mesure\\\/#breadcrumb\",\"itemListElement\":[{\"@type\":\"ListItem\",\"position\":1,\"name\":\"Accueil\",\"item\":\"https:\\\/\\\/armandou.fr\\\/\"},{\"@type\":\"ListItem\",\"position\":2,\"name\":\"Boutique\",\"item\":\"https:\\\/\\\/armandou.fr\\\/index.php\\\/boutique\\\/\"},{\"@type\":\"ListItem\",\"position\":3,\"name\":\"Etag\u00e8res et Plateaux sur mesure en ch\u00eane massif\"}]},{\"@type\":\"WebSite\",\"@id\":\"https:\\\/\\\/armandou.fr\\\/#website\",\"url\":\"https:\\\/\\\/armandou.fr\\\/\",\"name\":\"Armandou.Fr\",\"description\":\"Feu et Bois\",\"publisher\":{\"@id\":\"https:\\\/\\\/armandou.fr\\\/#organization\"},\"potentialAction\":[{\"@type\":\"SearchAction\",\"target\":{\"@type\":\"EntryPoint\",\"urlTemplate\":\"https:\\\/\\\/armandou.fr\\\/?s={search_term_string}\"},\"query-input\":{\"@type\":\"PropertyValueSpecification\",\"valueRequired\":true,\"valueName\":\"search_term_string\"}}],\"inLanguage\":\"fr-FR\"},{\"@type\":\"Organization\",\"@id\":\"https:\\\/\\\/armandou.fr\\\/#organization\",\"name\":\"Armandou.Fr\",\"url\":\"https:\\\/\\\/armandou.fr\\\/\",\"logo\":{\"@type\":\"ImageObject\",\"inLanguage\":\"fr-FR\",\"@id\":\"https:\\\/\\\/armandou.fr\\\/#\\\/schema\\\/logo\\\/image\\\/\",\"url\":\"https:\\\/\\\/armandou.fr\\\/wp-content\\\/uploads\\\/2023\\\/12\\\/cropped-Logo-scaled-1.jpg\",\"contentUrl\":\"https:\\\/\\\/armandou.fr\\\/wp-content\\\/uploads\\\/2023\\\/12\\\/cropped-Logo-scaled-1.jpg\",\"width\":1807,\"height\":1431,\"caption\":\"Armandou.Fr\"},\"image\":{\"@id\":\"https:\\\/\\\/armandou.fr\\\/#\\\/schema\\\/logo\\\/image\\\/\"}}]}<\/script>\n<!-- \/ Yoast SEO plugin. -->","yoast_head_json":{"title":"Etag\u00e8res et Plateaux sur mesure en ch\u00eane massif - Armandou.Fr","robots":{"index":"index","follow":"follow","max-snippet":"max-snippet:-1","max-image-preview":"max-image-preview:large","max-video-preview":"max-video-preview:-1"},"canonical":"https:\/\/armandou.fr\/index.php\/produit\/etageres-et-plateaux-sur-mesure\/","og_locale":"fr_FR","og_type":"article","og_title":"Etag\u00e8res et Plateaux sur mesure en ch\u00eane massif - Armandou.Fr","og_description":"Le fil du bois est dans le sens de la longueur,  Nos prix sont calcul\u00e9s en fonction du cubage du bois, en tenant compte du collage, s\u00e9chage, ainsi que du co\u00fbt de l'\u00e9nergie.  Un plateau de 70mm, repr\u00e9sente le double de bois qu'un plateau de 35mm (\u00e9vident !)  Option possible par raidisseur  Fabriqu\u00e9 en France","og_url":"https:\/\/armandou.fr\/index.php\/produit\/etageres-et-plateaux-sur-mesure\/","og_site_name":"Armandou.Fr","article_modified_time":"2025-02-27T18:47:17+00:00","og_image":[{"width":1749,"height":1484,"url":"http:\/\/armandou.fr\/wp-content\/uploads\/2023\/11\/IMG_6795-scaled-e1726505700624.jpeg","type":"image\/jpeg"}],"twitter_card":"summary_large_image","schema":{"@context":"https:\/\/schema.org","@graph":[{"@type":"WebPage","@id":"https:\/\/armandou.fr\/index.php\/produit\/etageres-et-plateaux-sur-mesure\/","url":"https:\/\/armandou.fr\/index.php\/produit\/etageres-et-plateaux-sur-mesure\/","name":"Etag\u00e8res et Plateaux sur mesure en ch\u00eane massif - Armandou.Fr","isPartOf":{"@id":"https:\/\/armandou.fr\/#website"},"primaryImageOfPage":{"@id":"https:\/\/armandou.fr\/index.php\/produit\/etageres-et-plateaux-sur-mesure\/#primaryimage"},"image":{"@id":"https:\/\/armandou.fr\/index.php\/produit\/etageres-et-plateaux-sur-mesure\/#primaryimage"},"thumbnailUrl":"https:\/\/armandou.fr\/wp-content\/uploads\/2023\/11\/IMG_6795-scaled-e1726505700624.jpeg","datePublished":"2024-09-16T16:40:02+00:00","dateModified":"2025-02-27T18:47:17+00:00","breadcrumb":{"@id":"https:\/\/armandou.fr\/index.php\/produit\/etageres-et-plateaux-sur-mesure\/#breadcrumb"},"inLanguage":"fr-FR","potentialAction":[{"@type":"ReadAction","target":["https:\/\/armandou.fr\/index.php\/produit\/etageres-et-plateaux-sur-mesure\/"]}]},{"@type":"ImageObject","inLanguage":"fr-FR","@id":"https:\/\/armandou.fr\/index.php\/produit\/etageres-et-plateaux-sur-mesure\/#primaryimage","url":"https:\/\/armandou.fr\/wp-content\/uploads\/2023\/11\/IMG_6795-scaled-e1726505700624.jpeg","contentUrl":"https:\/\/armandou.fr\/wp-content\/uploads\/2023\/11\/IMG_6795-scaled-e1726505700624.jpeg","width":1749,"height":1484},{"@type":"BreadcrumbList","@id":"https:\/\/armandou.fr\/index.php\/produit\/etageres-et-plateaux-sur-mesure\/#breadcrumb","itemListElement":[{"@type":"ListItem","position":1,"name":"Accueil","item":"https:\/\/armandou.fr\/"},{"@type":"ListItem","position":2,"name":"Boutique","item":"https:\/\/armandou.fr\/index.php\/boutique\/"},{"@type":"ListItem","position":3,"name":"Etag\u00e8res et Plateaux sur mesure en ch\u00eane massif"}]},{"@type":"WebSite","@id":"https:\/\/armandou.fr\/#website","url":"https:\/\/armandou.fr\/","name":"Armandou.Fr","description":"Feu et Bois","publisher":{"@id":"https:\/\/armandou.fr\/#organization"},"potentialAction":[{"@type":"SearchAction","target":{"@type":"EntryPoint","urlTemplate":"https:\/\/armandou.fr\/?s={search_term_string}"},"query-input":{"@type":"PropertyValueSpecification","valueRequired":true,"valueName":"search_term_string"}}],"inLanguage":"fr-FR"},{"@type":"Organization","@id":"https:\/\/armandou.fr\/#organization","name":"Armandou.Fr","url":"https:\/\/armandou.fr\/","logo":{"@type":"ImageObject","inLanguage":"fr-FR","@id":"https:\/\/armandou.fr\/#\/schema\/logo\/image\/","url":"https:\/\/armandou.fr\/wp-content\/uploads\/2023\/12\/cropped-Logo-scaled-1.jpg","contentUrl":"https:\/\/armandou.fr\/wp-content\/uploads\/2023\/12\/cropped-Logo-scaled-1.jpg","width":1807,"height":1431,"caption":"Armandou.Fr"},"image":{"@id":"https:\/\/armandou.fr\/#\/schema\/logo\/image\/"}}]}},"uagb_featured_image_src":{"full":["https:\/\/armandou.fr\/wp-content\/uploads\/2023\/11\/IMG_6795-scaled-e1726505700624.jpeg",1749,1484,false],"thumbnail":["https:\/\/armandou.fr\/wp-content\/uploads\/2023\/11\/IMG_6795-scaled-e1726505700624-150x150.jpeg",150,150,true],"medium":["https:\/\/armandou.fr\/wp-content\/uploads\/2023\/11\/IMG_6795-scaled-e1726505700624-300x255.jpeg",300,255,true],"medium_large":["https:\/\/armandou.fr\/wp-content\/uploads\/2023\/11\/IMG_6795-scaled-e1726505700624-768x652.jpeg",768,652,true],"large":["https:\/\/armandou.fr\/wp-content\/uploads\/2023\/11\/IMG_6795-scaled-e1726505700624-1024x869.jpeg",1024,869,true],"1536x1536":["https:\/\/armandou.fr\/wp-content\/uploads\/2023\/11\/IMG_6795-scaled-e1726505700624-1536x1303.jpeg",1536,1303,true],"2048x2048":["https:\/\/armandou.fr\/wp-content\/uploads\/2023\/11\/IMG_6795-2048x1536.jpeg",2048,1536,true],"woocommerce_thumbnail":["https:\/\/armandou.fr\/wp-content\/uploads\/2023\/11\/IMG_6795-scaled-e1726505700624-300x300.jpeg",300,300,true],"woocommerce_single":["https:\/\/armandou.fr\/wp-content\/uploads\/2023\/11\/IMG_6795-scaled-e1726505700624-600x509.jpeg",600,509,true],"woocommerce_gallery_thumbnail":["https:\/\/armandou.fr\/wp-content\/uploads\/2023\/11\/IMG_6795-scaled-e1726505700624-100x100.jpeg",100,100,true]},"uagb_author_info":{"display_name":"admin1223","author_link":"https:\/\/armandou.fr\/index.php\/author\/"},"uagb_comment_info":0,"uagb_excerpt":"Le fil du bois est dans le sens de la longueur, Nos prix sont calcul\u00e9s en fonction du cubage du bois, en tenant compte du collage, s\u00e9chage, ainsi que du co\u00fbt de l'\u00e9nergie. Un plateau de 70mm, repr\u00e9sente le double de bois qu'un plateau de 35mm (\u00e9vident !) Option possible par raidisseur Fabriqu\u00e9 en France","_links":{"self":[{"href":"https:\/\/armandou.fr\/index.php\/wp-json\/wp\/v2\/product\/1524","targetHints":{"allow":["GET"]}}],"collection":[{"href":"https:\/\/armandou.fr\/index.php\/wp-json\/wp\/v2\/product"}],"about":[{"href":"https:\/\/armandou.fr\/index.php\/wp-json\/wp\/v2\/types\/product"}],"replies":[{"embeddable":true,"href":"https:\/\/armandou.fr\/index.php\/wp-json\/wp\/v2\/comments?post=1524"}],"wp:featuredmedia":[{"embeddable":true,"href":"https:\/\/armandou.fr\/index.php\/wp-json\/wp\/v2\/media\/1130"}],"wp:attachment":[{"href":"https:\/\/armandou.fr\/index.php\/wp-json\/wp\/v2\/media?parent=1524"}],"wp:term":[{"taxonomy":"product_brand","embeddable":true,"href":"https:\/\/armandou.fr\/index.php\/wp-json\/wp\/v2\/product_brand?post=1524"},{"taxonomy":"product_cat","embeddable":true,"href":"https:\/\/armandou.fr\/index.php\/wp-json\/wp\/v2\/product_cat?post=1524"},{"taxonomy":"product_tag","embeddable":true,"href":"https:\/\/armandou.fr\/index.php\/wp-json\/wp\/v2\/product_tag?post=1524"}],"curies":[{"name":"wp","href":"https:\/\/api.w.org\/{rel}","templated":true}]}}