{"id":1969,"date":"2025-06-13T11:34:22","date_gmt":"2025-06-13T09:34:22","guid":{"rendered":"https:\/\/armandou.fr\/?page_id=1969"},"modified":"2025-06-14T08:20:20","modified_gmt":"2025-06-14T06:20:20","slug":"contact","status":"publish","type":"page","link":"https:\/\/armandou.fr\/index.php\/contact\/","title":{"rendered":"Contact"},"content":{"rendered":"\n\n  <h1>\ud83d\udce9 Me contacter<\/h1>\n  Vous avez un projet, une question, ou souhaitez visiter mon atelier ?  \n  Remplissez le formulaire ci-dessous, je vous r\u00e9pondrai personnellement dans les plus brefs d\u00e9lais.\n  Je r\u00e9alise chaque pi\u00e8ce \u00e0 la main, sur commande ou sur mesure.  \n  N&rsquo;h\u00e9sitez pas \u00e0 me donner quelques d\u00e9tails : dimensions, usage pr\u00e9vu, type de bois souhait\u00e9&#8230;\n  <!-- Formulaire WPForms -->\n  [wpforms id=\u00a0\u00bb1278&Prime;]\n  <hr \/>\n  <h2>\ud83d\udcde Ou me contacter directement<\/h2>\n  <strong>\ud83d\udccd Atelier :<\/strong> Uzech, dans le Lot (46)<br \/>\n  <strong>\ud83d\udcec Email :<\/strong> contact@armandou.fr<br \/>\n  <strong>\ud83d\udcf1 T\u00e9l\u00e9phone :<\/strong> [06 72 77 05 66]\n  <p>Je suis souvent \u00e0 l&rsquo;atelier ou en d\u00e9placement, mais je vous rappelle toujours rapidement.<\/p>\n\n","protected":false},"excerpt":{"rendered":"<p>\ud83d\udce9 Me contacter Vous avez un projet, une question, ou souhaitez visiter mon atelier ? Remplissez le formulaire ci-dessous, je vous r\u00e9pondrai personnellement dans les plus brefs d\u00e9lais. Je r\u00e9alise chaque pi\u00e8ce \u00e0 la main, sur commande ou sur mesure. N&rsquo;h\u00e9sitez pas \u00e0 me donner quelques d\u00e9tails : dimensions, usage pr\u00e9vu, type de bois souhait\u00e9&#8230; [&hellip;]<\/p>\n","protected":false},"author":1,"featured_media":0,"parent":0,"menu_order":0,"comment_status":"closed","ping_status":"closed","template":"","meta":{"site-sidebar-layout":"default","site-content-layout":"","ast-site-content-layout":"default","site-content-style":"default","site-sidebar-style":"default","ast-global-header-display":"","ast-banner-title-visibility":"","ast-main-header-display":"","ast-hfb-above-header-display":"","ast-hfb-below-header-display":"","ast-hfb-mobile-header-display":"","site-post-title":"disabled","ast-breadcrumbs-content":"","ast-featured-img":"","footer-sml-layout":"","theme-transparent-header-meta":"","adv-header-id-meta":"","stick-header-meta":"","header-above-stick-meta":"","header-main-stick-meta":"","header-below-stick-meta":"","astra-migrate-meta-layouts":"set","ast-page-background-enabled":"default","ast-page-background-meta":{"desktop":{"background-color":"","background-image":"","background-repeat":"repeat","background-position":"center center","background-size":"auto","background-attachment":"scroll","background-type":"","background-media":"","overlay-type":"","overlay-color":"","overlay-opacity":"","overlay-gradient":""},"tablet":{"background-color":"","background-image":"","background-repeat":"repeat","background-position":"center center","background-size":"auto","background-attachment":"scroll","background-type":"","background-media":"","overlay-type":"","overlay-color":"","overlay-opacity":"","overlay-gradient":""},"mobile":{"background-color":"","background-image":"","background-repeat":"repeat","background-position":"center center","background-size":"auto","background-attachment":"scroll","background-type":"","background-media":"","overlay-type":"","overlay-color":"","overlay-opacity":"","overlay-gradient":""}},"ast-content-background-meta":{"desktop":{"background-color":"var(--ast-global-color-5)","background-image":"","background-repeat":"repeat","background-position":"center center","background-size":"auto","background-attachment":"scroll","background-type":"","background-media":"","overlay-type":"","overlay-color":"","overlay-opacity":"","overlay-gradient":""},"tablet":{"background-color":"var(--ast-global-color-5)","background-image":"","background-repeat":"repeat","background-position":"center center","background-size":"auto","background-attachment":"scroll","background-type":"","background-media":"","overlay-type":"","overlay-color":"","overlay-opacity":"","overlay-gradient":""},"mobile":{"background-color":"var(--ast-global-color-5)","background-image":"","background-repeat":"repeat","background-position":"center center","background-size":"auto","background-attachment":"scroll","background-type":"","background-media":"","overlay-type":"","overlay-color":"","overlay-opacity":"","overlay-gradient":""}},"footnotes":""},"class_list":["post-1969","page","type-page","status-publish","hentry"],"_links":{"self":[{"href":"https:\/\/armandou.fr\/index.php\/wp-json\/wp\/v2\/pages\/1969","targetHints":{"allow":["GET"]}}],"collection":[{"href":"https:\/\/armandou.fr\/index.php\/wp-json\/wp\/v2\/pages"}],"about":[{"href":"https:\/\/armandou.fr\/index.php\/wp-json\/wp\/v2\/types\/page"}],"author":[{"embeddable":true,"href":"https:\/\/armandou.fr\/index.php\/wp-json\/wp\/v2\/users\/1"}],"replies":[{"embeddable":true,"href":"https:\/\/armandou.fr\/index.php\/wp-json\/wp\/v2\/comments?post=1969"}],"version-history":[{"count":6,"href":"https:\/\/armandou.fr\/index.php\/wp-json\/wp\/v2\/pages\/1969\/revisions"}],"predecessor-version":[{"id":2021,"href":"https:\/\/armandou.fr\/index.php\/wp-json\/wp\/v2\/pages\/1969\/revisions\/2021"}],"wp:attachment":[{"href":"https:\/\/armandou.fr\/index.php\/wp-json\/wp\/v2\/media?parent=1969"}],"curies":[{"name":"wp","href":"https:\/\/api.w.org\/{rel}","templated":true}]}}